{"id":6,"date":"2026-01-01T17:25:30","date_gmt":"2026-01-01T17:25:30","guid":{"rendered":"https:\/\/arnavutkoyexpo.tr\/?page_id=6"},"modified":"2026-01-09T13:26:09","modified_gmt":"2026-01-09T13:26:09","slug":"anasayfa","status":"publish","type":"page","link":"https:\/\/arnavutkoyexpo.tr\/en\/","title":{"rendered":"anasayfa"},"content":{"rendered":"<div data-elementor-type=\"wp-page\" data-elementor-id=\"6\" class=\"elementor elementor-6\" data-elementor-post-type=\"page\">\n\t\t\t\t<div class=\"elementor-element elementor-element-9e390dd e-con-full elementor-hidden-tablet elementor-hidden-mobile e-flex e-con e-parent\" data-id=\"9e390dd\" data-element_type=\"container\">\n\t\t\t\t<div class=\"elementor-element elementor-element-a0ea3bc elementor-widget elementor-widget-shortcode\" data-id=\"a0ea3bc\" data-element_type=\"widget\" data-widget_type=\"shortcode.default\">\n\t\t\t\t<div class=\"elementor-widget-container\">\n\t\t\t\t\t\t\t<div class=\"elementor-shortcode\"><\/div>\n\t\t\t\t\t\t<\/div>\n\t\t\t\t<\/div>\n\t\t\t\t<\/div>\n\t\t<div class=\"elementor-element elementor-element-9da6513 e-con-full elementor-hidden-desktop e-flex e-con e-parent\" data-id=\"9da6513\" data-element_type=\"container\">\n\t\t\t\t<div class=\"elementor-element elementor-element-7a58261 elementor-widget elementor-widget-shortcode\" data-id=\"7a58261\" data-element_type=\"widget\" data-widget_type=\"shortcode.default\">\n\t\t\t\t<div class=\"elementor-widget-container\">\n\t\t\t\t\t\t\t<div class=\"elementor-shortcode\"><\/div>\n\t\t\t\t\t\t<\/div>\n\t\t\t\t<\/div>\n\t\t\t\t<\/div>\n\t\t<div class=\"elementor-element elementor-element-ca4f654 e-flex e-con-boxed e-con e-parent\" data-id=\"ca4f654\" data-element_type=\"container\" data-settings=\"{&quot;background_background&quot;:&quot;classic&quot;}\">\n\t\t\t\t\t<div class=\"e-con-inner\">\n\t\t\t\t<div class=\"elementor-element elementor-element-091e4db elementor-widget elementor-widget-text-editor\" data-id=\"091e4db\" data-element_type=\"widget\" data-widget_type=\"text-editor.default\">\n\t\t\t\t<div class=\"elementor-widget-container\">\n\t\t\t\t\t\t\t\t\t<p>\u0130stanbul\u2019un Kuzey Y\u0131ld\u0131z\u0131: <strong>Arnavutk\u00f6y EXPO<\/strong><\/p>\t\t\t\t\t\t\t\t<\/div>\n\t\t\t\t<\/div>\n\t\t\t\t\t<\/div>\n\t\t\t\t<\/div>\n\t\t<div class=\"elementor-element elementor-element-48b5d51 e-flex e-con-boxed e-con e-parent\" data-id=\"48b5d51\" data-element_type=\"container\">\n\t\t\t\t\t<div class=\"e-con-inner\">\n\t\t<div class=\"elementor-element elementor-element-feba63d e-con-full e-flex e-con e-child\" data-id=\"feba63d\" data-element_type=\"container\">\n\t\t\t\t<div class=\"elementor-element elementor-element-f2b6a59 elementor-widget elementor-widget-text-editor\" data-id=\"f2b6a59\" data-element_type=\"widget\" data-widget_type=\"text-editor.default\">\n\t\t\t\t<div class=\"elementor-widget-container\">\n\t\t\t\t\t\t\t\t\t<p>NEDEN<br \/>ARNAVUTK\u00d6Y<br \/>EXPO ?<\/p>\t\t\t\t\t\t\t\t<\/div>\n\t\t\t\t<\/div>\n\t\t\t\t<div class=\"elementor-element elementor-element-0643966 elementor-widget-divider--view-line elementor-widget elementor-widget-divider\" data-id=\"0643966\" data-element_type=\"widget\" data-widget_type=\"divider.default\">\n\t\t\t\t<div class=\"elementor-widget-container\">\n\t\t\t\t\t\t\t<div class=\"elementor-divider\">\n\t\t\t<span class=\"elementor-divider-separator\">\n\t\t\t\t\t\t<\/span>\n\t\t<\/div>\n\t\t\t\t\t\t<\/div>\n\t\t\t\t<\/div>\n\t\t\t\t<div class=\"elementor-element elementor-element-d65a2a4 elementor-widget elementor-widget-text-editor\" data-id=\"d65a2a4\" data-element_type=\"widget\" data-widget_type=\"text-editor.default\">\n\t\t\t\t<div class=\"elementor-widget-container\">\n\t\t\t\t\t\t\t\t\t<p>D\u00fcnya ticaretinin rotas\u0131 yeniden \u00e7iziliyor ve bu yeni rotan\u0131n kalbi \u0130stanbul Arnavutk\u00f6y\u2019de at\u0131yor. <strong>Arnavutk\u00f6y EXPO<\/strong>, Asya ile Avrupa\u2019n\u0131n kesi\u015fim noktas\u0131nda, d\u00fcnyan\u0131n en b\u00fcy\u00fck havaliman\u0131 ve modern lojistik a\u011flar\u0131n\u0131n merkezinde y\u00fckselen k\u00fcresel bir ticaret platformudur.<\/p><p>Amac\u0131m\u0131z sadece bir fuar organizasyonu d\u00fczenlemek de\u011fil; yerli \u00fcreticiyi uluslararas\u0131 al\u0131c\u0131yla, sanayiciyi yat\u0131r\u0131mc\u0131yla, giri\u015fimi teknolojiyle bulu\u015fturan s\u00fcrd\u00fcr\u00fclebilir bir<strong> &#8220;Ticaret Ekosistemi&#8221;<\/strong> yaratmakt\u0131r.<\/p>\t\t\t\t\t\t\t\t<\/div>\n\t\t\t\t<\/div>\n\t\t\t\t<\/div>\n\t\t<div class=\"elementor-element elementor-element-609b63f e-con-full e-flex e-con e-child\" data-id=\"609b63f\" data-element_type=\"container\">\n\t\t\t\t<div class=\"elementor-element elementor-element-e2ae68b elementor-widget elementor-widget-gallery\" data-id=\"e2ae68b\" data-element_type=\"widget\" data-settings=\"{&quot;gallery_layout&quot;:&quot;masonry&quot;,&quot;columns&quot;:2,&quot;gap&quot;:{&quot;unit&quot;:&quot;px&quot;,&quot;size&quot;:19,&quot;sizes&quot;:[]},&quot;columns_mobile&quot;:2,&quot;lazyload&quot;:&quot;yes&quot;,&quot;columns_tablet&quot;:2,&quot;gap_tablet&quot;:{&quot;unit&quot;:&quot;px&quot;,&quot;size&quot;:10,&quot;sizes&quot;:[]},&quot;gap_mobile&quot;:{&quot;unit&quot;:&quot;px&quot;,&quot;size&quot;:10,&quot;sizes&quot;:[]},&quot;link_to&quot;:&quot;file&quot;,&quot;content_hover_animation&quot;:&quot;fade-in&quot;}\" data-widget_type=\"gallery.default\">\n\t\t\t\t<div class=\"elementor-widget-container\">\n\t\t\t\t\t\t\t<div class=\"elementor-gallery__container\">\n\t\t\t\t\t\t\t<a class=\"e-gallery-item elementor-gallery-item elementor-animated-content\" href=\"https:\/\/arnavutkoyexpo.tr\/wp-content\/uploads\/2026\/01\/02.webp\" data-elementor-open-lightbox=\"yes\" data-elementor-lightbox-slideshow=\"e2ae68b\" data-e-action-hash=\"#elementor-action%3Aaction%3Dlightbox%26settings%3DeyJpZCI6NTEzLCJ1cmwiOiJodHRwczpcL1wvYXJuYXZ1dGtveWV4cG8udHJcL3dwLWNvbnRlbnRcL3VwbG9hZHNcLzIwMjZcLzAxXC8wMi53ZWJwIiwic2xpZGVzaG93IjoiZTJhZTY4YiJ9\">\n\t\t\t\t\t<div class=\"e-gallery-image elementor-gallery-item__image\" data-thumbnail=\"https:\/\/arnavutkoyexpo.tr\/wp-content\/uploads\/2026\/01\/02-300x300.webp\" data-width=\"300\" data-height=\"300\" aria-label=\"\" role=\"img\" ><\/div>\n\t\t\t\t\t\t\t\t\t\t\t\t\t\t<\/a>\n\t\t\t\t\t\t\t<a class=\"e-gallery-item elementor-gallery-item elementor-animated-content\" href=\"https:\/\/arnavutkoyexpo.tr\/wp-content\/uploads\/2026\/01\/05.webp\" data-elementor-open-lightbox=\"yes\" data-elementor-lightbox-slideshow=\"e2ae68b\" data-e-action-hash=\"#elementor-action%3Aaction%3Dlightbox%26settings%3DeyJpZCI6NTE2LCJ1cmwiOiJodHRwczpcL1wvYXJuYXZ1dGtveWV4cG8udHJcL3dwLWNvbnRlbnRcL3VwbG9hZHNcLzIwMjZcLzAxXC8wNS53ZWJwIiwic2xpZGVzaG93IjoiZTJhZTY4YiJ9\">\n\t\t\t\t\t<div class=\"e-gallery-image elementor-gallery-item__image\" data-thumbnail=\"https:\/\/arnavutkoyexpo.tr\/wp-content\/uploads\/2026\/01\/05-300x300.webp\" data-width=\"300\" data-height=\"300\" aria-label=\"\" role=\"img\" ><\/div>\n\t\t\t\t\t\t\t\t\t\t\t\t\t\t<\/a>\n\t\t\t\t\t\t\t<a class=\"e-gallery-item elementor-gallery-item elementor-animated-content\" href=\"https:\/\/arnavutkoyexpo.tr\/wp-content\/uploads\/2026\/01\/03.webp\" data-elementor-open-lightbox=\"yes\" data-elementor-lightbox-slideshow=\"e2ae68b\" data-e-action-hash=\"#elementor-action%3Aaction%3Dlightbox%26settings%3DeyJpZCI6NTE0LCJ1cmwiOiJodHRwczpcL1wvYXJuYXZ1dGtveWV4cG8udHJcL3dwLWNvbnRlbnRcL3VwbG9hZHNcLzIwMjZcLzAxXC8wMy53ZWJwIiwic2xpZGVzaG93IjoiZTJhZTY4YiJ9\">\n\t\t\t\t\t<div class=\"e-gallery-image elementor-gallery-item__image\" data-thumbnail=\"https:\/\/arnavutkoyexpo.tr\/wp-content\/uploads\/2026\/01\/03-300x300.webp\" data-width=\"300\" data-height=\"300\" aria-label=\"\" role=\"img\" ><\/div>\n\t\t\t\t\t\t\t\t\t\t\t\t\t\t<\/a>\n\t\t\t\t\t\t\t<a class=\"e-gallery-item elementor-gallery-item elementor-animated-content\" href=\"https:\/\/arnavutkoyexpo.tr\/wp-content\/uploads\/2026\/01\/04.webp\" data-elementor-open-lightbox=\"yes\" data-elementor-lightbox-slideshow=\"e2ae68b\" data-e-action-hash=\"#elementor-action%3Aaction%3Dlightbox%26settings%3DeyJpZCI6NTE1LCJ1cmwiOiJodHRwczpcL1wvYXJuYXZ1dGtveWV4cG8udHJcL3dwLWNvbnRlbnRcL3VwbG9hZHNcLzIwMjZcLzAxXC8wNC53ZWJwIiwic2xpZGVzaG93IjoiZTJhZTY4YiJ9\">\n\t\t\t\t\t<div class=\"e-gallery-image elementor-gallery-item__image\" data-thumbnail=\"https:\/\/arnavutkoyexpo.tr\/wp-content\/uploads\/2026\/01\/04-300x300.webp\" data-width=\"300\" data-height=\"300\" aria-label=\"\" role=\"img\" ><\/div>\n\t\t\t\t\t\t\t\t\t\t\t\t\t\t<\/a>\n\t\t\t\t\t<\/div>\n\t\t\t\t\t<\/div>\n\t\t\t\t<\/div>\n\t\t\t\t<\/div>\n\t\t\t\t\t<\/div>\n\t\t\t\t<\/div>\n\t\t<div class=\"elementor-element elementor-element-0f22b1f e-flex e-con-boxed e-con e-parent\" data-id=\"0f22b1f\" data-element_type=\"container\">\n\t\t\t\t\t<div class=\"e-con-inner\">\n\t\t\t\t\t<\/div>\n\t\t\t\t<\/div>\n\t\t\t\t<\/div>","protected":false},"excerpt":{"rendered":"<p>\u0130stanbul\u2019un Kuzey Y\u0131ld\u0131z\u0131: Arnavutk\u00f6y EXPO NEDENARNAVUTK\u00d6YEXPO ? D\u00fcnya ticaretinin rotas\u0131 yeniden \u00e7iziliyor ve bu yeni rotan\u0131n kalbi \u0130stanbul Arnavutk\u00f6y\u2019de at\u0131yor. Arnavutk\u00f6y EXPO, Asya ile Avrupa\u2019n\u0131n kesi\u015fim noktas\u0131nda, d\u00fcnyan\u0131n en b\u00fcy\u00fck havaliman\u0131 ve modern lojistik a\u011flar\u0131n\u0131n merkezinde y\u00fckselen k\u00fcresel bir ticaret platformudur. Amac\u0131m\u0131z sadece bir fuar organizasyonu d\u00fczenlemek de\u011fil; yerli \u00fcreticiyi uluslararas\u0131 al\u0131c\u0131yla, sanayiciyi yat\u0131r\u0131mc\u0131yla, giri\u015fimi [&hellip;]<\/p>","protected":false},"author":1,"featured_media":0,"parent":0,"menu_order":0,"comment_status":"closed","ping_status":"closed","template":"elementor_header_footer","meta":{"footnotes":""},"class_list":["post-6","page","type-page","status-publish","hentry"],"_links":{"self":[{"href":"https:\/\/arnavutkoyexpo.tr\/en\/wp-json\/wp\/v2\/pages\/6","targetHints":{"allow":["GET"]}}],"collection":[{"href":"https:\/\/arnavutkoyexpo.tr\/en\/wp-json\/wp\/v2\/pages"}],"about":[{"href":"https:\/\/arnavutkoyexpo.tr\/en\/wp-json\/wp\/v2\/types\/page"}],"author":[{"embeddable":true,"href":"https:\/\/arnavutkoyexpo.tr\/en\/wp-json\/wp\/v2\/users\/1"}],"replies":[{"embeddable":true,"href":"https:\/\/arnavutkoyexpo.tr\/en\/wp-json\/wp\/v2\/comments?post=6"}],"version-history":[{"count":367,"href":"https:\/\/arnavutkoyexpo.tr\/en\/wp-json\/wp\/v2\/pages\/6\/revisions"}],"predecessor-version":[{"id":559,"href":"https:\/\/arnavutkoyexpo.tr\/en\/wp-json\/wp\/v2\/pages\/6\/revisions\/559"}],"wp:attachment":[{"href":"https:\/\/arnavutkoyexpo.tr\/en\/wp-json\/wp\/v2\/media?parent=6"}],"curies":[{"name":"wp","href":"https:\/\/api.w.org\/{rel}","templated":true}]}}