{"id":85,"date":"2026-01-08T15:09:26","date_gmt":"2026-01-08T15:09:26","guid":{"rendered":"https:\/\/arnavutkoyexpo.tr\/?page_id=85"},"modified":"2026-01-09T20:11:10","modified_gmt":"2026-01-09T20:11:10","slug":"katilimcilar","status":"publish","type":"page","link":"https:\/\/arnavutkoyexpo.tr\/ar\/katilimcilar\/","title":{"rendered":"Kat\u0131l\u0131mc\u0131lar"},"content":{"rendered":"<div data-elementor-type=\"wp-page\" data-elementor-id=\"85\" class=\"elementor elementor-85\" data-elementor-post-type=\"page\">\n\t\t\t\t<div class=\"elementor-element elementor-element-5f7f0f1 e-con-full e-flex e-con e-parent\" data-id=\"5f7f0f1\" data-element_type=\"container\">\n\t\t\t\t<\/div>\n\t\t<div class=\"elementor-element elementor-element-4e41f38 e-flex e-con-boxed e-con e-parent\" data-id=\"4e41f38\" data-element_type=\"container\">\n\t\t\t\t\t<div class=\"e-con-inner\">\n\t\t<div class=\"elementor-element elementor-element-2708717 e-con-full e-flex e-con e-child\" data-id=\"2708717\" data-element_type=\"container\">\n\t\t\t\t<div class=\"elementor-element elementor-element-81d899d elementor-widget elementor-widget-text-editor\" data-id=\"81d899d\" data-element_type=\"widget\" data-widget_type=\"text-editor.default\">\n\t\t\t\t<div class=\"elementor-widget-container\">\n\t\t\t\t\t\t\t\t\t<p>BU SAYFA HAZIRLANIYOR&#8230;<\/p>\t\t\t\t\t\t\t\t<\/div>\n\t\t\t\t<\/div>\n\t\t\t\t<\/div>\n\t\t<div class=\"elementor-element elementor-element-20608f0 e-con-full e-flex e-con e-child\" data-id=\"20608f0\" data-element_type=\"container\">\n\t\t<div class=\"elementor-element elementor-element-ebc60e9 e-con-full e-flex e-con e-child\" data-id=\"ebc60e9\" data-element_type=\"container\">\n\t\t\t\t<\/div>\n\t\t\t\t<\/div>\n\t\t\t\t\t<\/div>\n\t\t\t\t<\/div>\n\t\t\t\t<\/div>","protected":false},"excerpt":{"rendered":"<p>BU SAYFA HAZIRLANIYOR&#8230;<\/p>","protected":false},"author":1,"featured_media":0,"parent":0,"menu_order":0,"comment_status":"closed","ping_status":"closed","template":"","meta":{"footnotes":""},"class_list":["post-85","page","type-page","status-publish","hentry"],"_links":{"self":[{"href":"https:\/\/arnavutkoyexpo.tr\/ar\/wp-json\/wp\/v2\/pages\/85","targetHints":{"allow":["GET"]}}],"collection":[{"href":"https:\/\/arnavutkoyexpo.tr\/ar\/wp-json\/wp\/v2\/pages"}],"about":[{"href":"https:\/\/arnavutkoyexpo.tr\/ar\/wp-json\/wp\/v2\/types\/page"}],"author":[{"embeddable":true,"href":"https:\/\/arnavutkoyexpo.tr\/ar\/wp-json\/wp\/v2\/users\/1"}],"replies":[{"embeddable":true,"href":"https:\/\/arnavutkoyexpo.tr\/ar\/wp-json\/wp\/v2\/comments?post=85"}],"version-history":[{"count":10,"href":"https:\/\/arnavutkoyexpo.tr\/ar\/wp-json\/wp\/v2\/pages\/85\/revisions"}],"predecessor-version":[{"id":857,"href":"https:\/\/arnavutkoyexpo.tr\/ar\/wp-json\/wp\/v2\/pages\/85\/revisions\/857"}],"wp:attachment":[{"href":"https:\/\/arnavutkoyexpo.tr\/ar\/wp-json\/wp\/v2\/media?parent=85"}],"curies":[{"name":"wp","href":"https:\/\/api.w.org\/{rel}","templated":true}]}}