{"id":83,"date":"2026-01-08T15:08:56","date_gmt":"2026-01-08T15:08:56","guid":{"rendered":"https:\/\/arnavutkoyexpo.tr\/?page_id=83"},"modified":"2026-01-09T19:20:28","modified_gmt":"2026-01-09T19:20:28","slug":"hakkimizda","status":"publish","type":"page","link":"https:\/\/arnavutkoyexpo.tr\/ar\/hakkimizda\/","title":{"rendered":"Hakk\u0131m\u0131zda"},"content":{"rendered":"<div data-elementor-type=\"wp-page\" data-elementor-id=\"83\" class=\"elementor elementor-83\" data-elementor-post-type=\"page\">\n\t\t\t\t<div class=\"elementor-element elementor-element-074da57 e-con-full e-flex e-con e-parent\" data-id=\"074da57\" data-element_type=\"container\">\n\t\t\t\t<\/div>\n\t\t<div class=\"elementor-element elementor-element-b877792 e-flex e-con-boxed e-con e-parent\" data-id=\"b877792\" data-element_type=\"container\">\n\t\t\t\t\t<div class=\"e-con-inner\">\n\t\t<div class=\"elementor-element elementor-element-17dc9f5 e-con-full e-flex e-con e-child\" data-id=\"17dc9f5\" data-element_type=\"container\">\n\t\t<div class=\"elementor-element elementor-element-4df6402 e-con-full e-flex e-con e-child\" data-id=\"4df6402\" data-element_type=\"container\">\n\t\t\t\t<div class=\"elementor-element elementor-element-0cd8537 elementor-widget elementor-widget-text-editor\" data-id=\"0cd8537\" data-element_type=\"widget\" data-widget_type=\"text-editor.default\">\n\t\t\t\t<div class=\"elementor-widget-container\">\n\t\t\t\t\t\t\t\t\t<p data-path-to-node=\"3\"><b data-path-to-node=\"3\" data-index-in-node=\"0\">ARNAVUTK\u00d6Y EXPO<br \/>Ticaretin K\u00fcresel \u00dcss\u00fcne Ho\u015f Geldiniz<\/b><\/p>\t\t\t\t\t\t\t\t<\/div>\n\t\t\t\t<\/div>\n\t\t\t\t<\/div>\n\t\t<div class=\"elementor-element elementor-element-2fdef29 e-con-full e-flex e-con e-child\" data-id=\"2fdef29\" data-element_type=\"container\">\n\t\t\t\t<div class=\"elementor-element elementor-element-c777aff elementor-widget-divider--view-line elementor-widget elementor-widget-divider\" data-id=\"c777aff\" data-element_type=\"widget\" data-widget_type=\"divider.default\">\n\t\t\t\t<div class=\"elementor-widget-container\">\n\t\t\t\t\t\t\t<div class=\"elementor-divider\">\n\t\t\t<span class=\"elementor-divider-separator\">\n\t\t\t\t\t\t<\/span>\n\t\t<\/div>\n\t\t\t\t\t\t<\/div>\n\t\t\t\t<\/div>\n\t\t\t\t<\/div>\n\t\t<div class=\"elementor-element elementor-element-c291956 e-con-full e-flex e-con e-child\" data-id=\"c291956\" data-element_type=\"container\">\n\t\t\t\t<div class=\"elementor-element elementor-element-15b90a9 elementor-widget elementor-widget-text-editor\" data-id=\"15b90a9\" data-element_type=\"widget\" data-widget_type=\"text-editor.default\">\n\t\t\t\t<div class=\"elementor-widget-container\">\n\t\t\t\t\t\t\t\t\t<p data-path-to-node=\"5\">D\u00fcnya ticaretinin rotas\u0131 yeniden \u00e7iziliyor ve bu yeni rotan\u0131n kalbi \u0130stanbul Arnavutk\u00f6y\u2019de at\u0131yor. <b data-path-to-node=\"5\" data-index-in-node=\"99\">Arnavutk\u00f6y EXPO<\/b>, Asya ile Avrupa\u2019n\u0131n kesi\u015fim noktas\u0131nda, d\u00fcnyan\u0131n en b\u00fcy\u00fck havaliman\u0131 ve modern lojistik a\u011flar\u0131n\u0131n merkezinde y\u00fckselen k\u00fcresel bir ticaret platformudur.<\/p><p data-path-to-node=\"6\">Amac\u0131m\u0131z sadece bir fuar organizasyonu d\u00fczenlemek de\u011fil; yerli \u00fcreticiyi uluslararas\u0131 al\u0131c\u0131yla, sanayiciyi yat\u0131r\u0131mc\u0131yla, giri\u015fimi teknolojiyle bulu\u015fturan s\u00fcrd\u00fcr\u00fclebilir bir <b data-path-to-node=\"6\" data-index-in-node=\"173\">&#8220;Ticaret Ekosistemi&#8221;<\/b> yaratmakt\u0131r.<\/p>\t\t\t\t\t\t\t\t<\/div>\n\t\t\t\t<\/div>\n\t\t<div class=\"elementor-element elementor-element-9cd0279 e-con-full e-flex e-con e-child\" data-id=\"9cd0279\" data-element_type=\"container\">\n\t\t\t\t<div class=\"elementor-element elementor-element-2f417b3 elementor-widget elementor-widget-text-editor\" data-id=\"2f417b3\" data-element_type=\"widget\" data-widget_type=\"text-editor.default\">\n\t\t\t\t<div class=\"elementor-widget-container\">\n\t\t\t\t\t\t\t\t\t<p data-path-to-node=\"7\"><b data-path-to-node=\"7\" data-index-in-node=\"0\">Neden Arnavutk\u00f6y EXPO?<\/b><\/p>\t\t\t\t\t\t\t\t<\/div>\n\t\t\t\t<\/div>\n\t\t<div class=\"elementor-element elementor-element-d64b8e0 e-con-full e-flex e-con e-child\" data-id=\"d64b8e0\" data-element_type=\"container\">\n\t\t<div class=\"elementor-element elementor-element-67fdfa6 e-con-full e-flex e-con e-child\" data-id=\"67fdfa6\" data-element_type=\"container\">\n\t\t\t\t<div class=\"elementor-element elementor-element-9dfe981 elementor-widget-divider--view-line elementor-widget elementor-widget-divider\" data-id=\"9dfe981\" data-element_type=\"widget\" data-widget_type=\"divider.default\">\n\t\t\t\t<div class=\"elementor-widget-container\">\n\t\t\t\t\t\t\t<div class=\"elementor-divider\">\n\t\t\t<span class=\"elementor-divider-separator\">\n\t\t\t\t\t\t<\/span>\n\t\t<\/div>\n\t\t\t\t\t\t<\/div>\n\t\t\t\t<\/div>\n\t\t\t\t<\/div>\n\t\t\t\t<div class=\"elementor-element elementor-element-86c9d86 elementor-widget elementor-widget-text-editor\" data-id=\"86c9d86\" data-element_type=\"widget\" data-widget_type=\"text-editor.default\">\n\t\t\t\t<div class=\"elementor-widget-container\">\n\t\t\t\t\t\t\t\t\t<p data-path-to-node=\"8\"><b data-path-to-node=\"8\" data-index-in-node=\"0\">1. Lojisti\u011fin Kalbinde, D\u00fcnyan\u0131n Merkezinde<\/b> \u0130stanbul Havaliman\u0131\u2019n\u0131n yan\u0131 ba\u015f\u0131nda ve Kuzey Marmara Otoyolu\u2019nun merkezinde konumlanan Arnavutk\u00f6y, ula\u015f\u0131m ve lojistik avantaj\u0131n\u0131 ticari bir silaha d\u00f6n\u00fc\u015ft\u00fcr\u00fcyor. Burada yap\u0131lan her organizasyon, <b data-path-to-node=\"8\" data-index-in-node=\"240\">3 saatlik u\u00e7u\u015f mesafesinde 1.5 milyar n\u00fcfusu<\/b> ilgilendiren bir potansiyeli ta\u015f\u0131yor.\u00a0<\/p><p data-path-to-node=\"9\"><b data-path-to-node=\"9\" data-index-in-node=\"0\">2. \u00dcretimin T\u00fcm Renkleri Tek \u00c7at\u0131 Alt\u0131nda<\/b> Tekstilden g\u0131daya, in\u015faattan makine sanayisine, ak\u0131ll\u0131 tar\u0131mdan lojistik teknolojilerine kadar geni\u015f bir sekt\u00f6rel yelpazeyi bir araya getiriyoruz. Karma fuar yap\u0131m\u0131z sayesinde, farkl\u0131 sekt\u00f6rlerin birbirini besledi\u011fi (cross-marketing) benzersiz i\u015f birli\u011fi f\u0131rsatlar\u0131 sunuyor.<\/p><p data-path-to-node=\"10\"><b data-path-to-node=\"10\" data-index-in-node=\"0\">3. Yat\u0131r\u0131m\u0131n ve Gelece\u011fin Adresi<\/b> \u0130stanbul\u2019un kuzeye do\u011fru geli\u015fen y\u00fcz\u00fc Arnavutk\u00f6y, modern sanayi altyap\u0131s\u0131 ve gayrimenkul projeleriyle yat\u0131r\u0131mc\u0131lar\u0131n yeni odak noktas\u0131d\u0131r. Arnavutk\u00f6y EXPO, bu b\u00fcy\u00fck d\u00f6n\u00fc\u015f\u00fcm\u00fcn vitrini olarak, b\u00f6lgenin sanayi ve ticaret potansiyelini uluslararas\u0131 yat\u0131r\u0131mc\u0131lara sunmaktad\u0131r.<\/p><p data-path-to-node=\"11\"><b data-path-to-node=\"11\" data-index-in-node=\"0\">4. B2B Odakl\u0131, Sonu\u00e7 Getiren Ba\u011flant\u0131lar<\/b> Sadece ziyaret\u00e7i say\u0131s\u0131na de\u011fil, nitelikli i\u015f g\u00f6r\u00fc\u015fmelerine odaklan\u0131yoruz. D\u00fczenledi\u011fimiz <b data-path-to-node=\"11\" data-index-in-node=\"131\">&#8220;Heyet Programlar\u0131&#8221;<\/b> ile Orta Do\u011fu, Balkanlar, Avrupa ve T\u00fcrki Cumhuriyetler\u2019den gelen profesyonel sat\u0131n alma yetkililerini, kat\u0131l\u0131mc\u0131lar\u0131m\u0131zla nokta at\u0131\u015f\u0131 g\u00f6r\u00fc\u015fmeler i\u00e7in masaya oturtuyoruz.<\/p>\t\t\t\t\t\t\t\t<\/div>\n\t\t\t\t<\/div>\n\t\t<div class=\"elementor-element elementor-element-39174c3 e-con-full e-flex e-con e-child\" data-id=\"39174c3\" data-element_type=\"container\">\n\t\t\t\t<div class=\"elementor-element elementor-element-828fbbf elementor-widget elementor-widget-text-editor\" data-id=\"828fbbf\" data-element_type=\"widget\" data-widget_type=\"text-editor.default\">\n\t\t\t\t<div class=\"elementor-widget-container\">\n\t\t\t\t\t\t\t\t\t<p data-path-to-node=\"7\"><b data-path-to-node=\"7\" data-index-in-node=\"0\">Vizyonumuz<\/b><\/p>\t\t\t\t\t\t\t\t<\/div>\n\t\t\t\t<\/div>\n\t\t<div class=\"elementor-element elementor-element-0164d34 e-con-full e-flex e-con e-child\" data-id=\"0164d34\" data-element_type=\"container\">\n\t\t\t\t<div class=\"elementor-element elementor-element-a04f36c elementor-widget-divider--view-line elementor-widget elementor-widget-divider\" data-id=\"a04f36c\" data-element_type=\"widget\" data-widget_type=\"divider.default\">\n\t\t\t\t<div class=\"elementor-widget-container\">\n\t\t\t\t\t\t\t<div class=\"elementor-divider\">\n\t\t\t<span class=\"elementor-divider-separator\">\n\t\t\t\t\t\t<\/span>\n\t\t<\/div>\n\t\t\t\t\t\t<\/div>\n\t\t\t\t<\/div>\n\t\t\t\t<\/div>\n\t\t\t\t<\/div>\n\t\t\t\t<\/div>\n\t\t<div class=\"elementor-element elementor-element-057bbe8 e-con-full e-flex e-con e-child\" data-id=\"057bbe8\" data-element_type=\"container\">\n\t\t\t\t<div class=\"elementor-element elementor-element-2ef2a53 elementor-widget elementor-widget-text-editor\" data-id=\"2ef2a53\" data-element_type=\"widget\" data-widget_type=\"text-editor.default\">\n\t\t\t\t<div class=\"elementor-widget-container\">\n\t\t\t\t\t\t\t\t\t<p data-path-to-node=\"8\">T\u00fcrkiye\u2019nin \u00fcretim g\u00fcc\u00fcn\u00fc, modern lojistik ve dijitalle\u015fme ile birle\u015ftirerek Arnavutk\u00f6y\u2019\u00fc <b data-path-to-node=\"13\" data-index-in-node=\"90\">&#8220;D\u00fcnyan\u0131n Yeni Ticaret \u00dcss\u00fc&#8221;<\/b> haline getirmek.<\/p>\t\t\t\t\t\t\t\t<\/div>\n\t\t\t\t<\/div>\n\t\t<div class=\"elementor-element elementor-element-fe9c39a e-con-full e-flex e-con e-child\" data-id=\"fe9c39a\" data-element_type=\"container\">\n\t\t\t\t<div class=\"elementor-element elementor-element-7ca28f5 elementor-widget elementor-widget-text-editor\" data-id=\"7ca28f5\" data-element_type=\"widget\" data-widget_type=\"text-editor.default\">\n\t\t\t\t<div class=\"elementor-widget-container\">\n\t\t\t\t\t\t\t\t\t<p data-path-to-node=\"7\"><b data-path-to-node=\"7\" data-index-in-node=\"0\">Misyonumuz<\/b><\/p>\t\t\t\t\t\t\t\t<\/div>\n\t\t\t\t<\/div>\n\t\t\t\t<div class=\"elementor-element elementor-element-eebefe1 elementor-widget-divider--view-line elementor-widget elementor-widget-divider\" data-id=\"eebefe1\" data-element_type=\"widget\" data-widget_type=\"divider.default\">\n\t\t\t\t<div class=\"elementor-widget-container\">\n\t\t\t\t\t\t\t<div class=\"elementor-divider\">\n\t\t\t<span class=\"elementor-divider-separator\">\n\t\t\t\t\t\t<\/span>\n\t\t<\/div>\n\t\t\t\t\t\t<\/div>\n\t\t\t\t<\/div>\n\t\t\t\t<\/div>\n\t\t\t\t<\/div>\n\t\t\t\t<\/div>\n\t\t\t\t<\/div>\n\t\t<div class=\"elementor-element elementor-element-82a9fc6 e-con-full e-flex e-con e-child\" data-id=\"82a9fc6\" data-element_type=\"container\">\n\t\t\t\t<div class=\"elementor-element elementor-element-c9a98ef elementor-widget elementor-widget-text-editor\" data-id=\"c9a98ef\" data-element_type=\"widget\" data-widget_type=\"text-editor.default\">\n\t\t\t\t<div class=\"elementor-widget-container\">\n\t\t\t\t\t\t\t\t\t<p data-path-to-node=\"8\">Kat\u0131l\u0131mc\u0131 firmalar\u0131m\u0131za yeni pazarlar\u0131n kap\u0131s\u0131n\u0131 a\u00e7mak, ihracat hacmini art\u0131rmak ve global rekabette onlar\u0131 bir ad\u0131m \u00f6ne ta\u015f\u0131yacak stratejik ba\u011flant\u0131lar kurmalar\u0131n\u0131 sa\u011flamak.<\/p>\t\t\t\t\t\t\t\t<\/div>\n\t\t\t\t<\/div>\n\t\t\t\t<\/div>\n\t\t<div class=\"elementor-element elementor-element-b367508 e-con-full e-flex e-con e-child\" data-id=\"b367508\" data-element_type=\"container\">\n\t\t\t\t<div class=\"elementor-element elementor-element-4edb89e elementor-widget elementor-widget-text-editor\" data-id=\"4edb89e\" data-element_type=\"widget\" data-widget_type=\"text-editor.default\">\n\t\t\t\t<div class=\"elementor-widget-container\">\n\t\t\t\t\t\t\t\t\t<p data-path-to-node=\"8\"><b data-path-to-node=\"16\" data-index-in-node=\"0\">Arnavutk\u00f6y EXPO\u2019da yerinizi al\u0131n; ticaretin gelece\u011finde s\u00f6z sahibi olun.<\/b><\/p>\t\t\t\t\t\t\t\t<\/div>\n\t\t\t\t<\/div>\n\t\t\t\t<\/div>\n\t\t<div class=\"elementor-element elementor-element-56fa50f e-con-full e-flex e-con e-child\" data-id=\"56fa50f\" data-element_type=\"container\">\n\t\t<div class=\"elementor-element elementor-element-84794fa e-con-full e-flex e-con e-child\" data-id=\"84794fa\" data-element_type=\"container\">\n\t\t\t\t<div class=\"elementor-element elementor-element-5389ea5 elementor-widget elementor-widget-text-editor\" data-id=\"5389ea5\" data-element_type=\"widget\" data-widget_type=\"text-editor.default\">\n\t\t\t\t<div class=\"elementor-widget-container\">\n\t\t\t\t\t\t\t\t\t<p><strong>H\u00fcseyin KARADEN\u0130Z<\/strong><br \/>\u0130stamonu Fuarc\u0131l\u0131k Y\u00f6netim Kurulu Ba\u015fkan\u0131<\/p>\t\t\t\t\t\t\t\t<\/div>\n\t\t\t\t<\/div>\n\t\t\t\t<\/div>\n\t\t\t\t<\/div>\n\t\t\t\t<\/div>\n\t\t<div class=\"elementor-element elementor-element-6327583 e-con-full e-flex e-con e-child\" data-id=\"6327583\" data-element_type=\"container\">\n\t\t<div class=\"elementor-element elementor-element-d8f94d4 e-con-full e-flex e-con e-child\" data-id=\"d8f94d4\" data-element_type=\"container\">\n\t\t\t\t<div class=\"elementor-element elementor-element-2325e98 elementor-widget elementor-widget-gallery\" data-id=\"2325e98\" data-element_type=\"widget\" data-settings=\"{&quot;gallery_layout&quot;:&quot;masonry&quot;,&quot;columns&quot;:2,&quot;gap&quot;:{&quot;unit&quot;:&quot;px&quot;,&quot;size&quot;:20,&quot;sizes&quot;:[]},&quot;columns_mobile&quot;:2,&quot;lazyload&quot;:&quot;yes&quot;,&quot;columns_tablet&quot;:2,&quot;gap_tablet&quot;:{&quot;unit&quot;:&quot;px&quot;,&quot;size&quot;:10,&quot;sizes&quot;:[]},&quot;gap_mobile&quot;:{&quot;unit&quot;:&quot;px&quot;,&quot;size&quot;:10,&quot;sizes&quot;:[]},&quot;link_to&quot;:&quot;file&quot;,&quot;content_hover_animation&quot;:&quot;fade-in&quot;}\" data-widget_type=\"gallery.default\">\n\t\t\t\t<div class=\"elementor-widget-container\">\n\t\t\t\t\t\t\t<div class=\"elementor-gallery__container\">\n\t\t\t\t\t\t\t<a class=\"e-gallery-item elementor-gallery-item elementor-animated-content\" href=\"https:\/\/arnavutkoyexpo.tr\/wp-content\/uploads\/2026\/01\/02.webp\" data-elementor-open-lightbox=\"yes\" data-elementor-lightbox-slideshow=\"2325e98\" data-e-action-hash=\"#elementor-action%3Aaction%3Dlightbox%26settings%3DeyJpZCI6NTEzLCJ1cmwiOiJodHRwczpcL1wvYXJuYXZ1dGtveWV4cG8udHJcL3dwLWNvbnRlbnRcL3VwbG9hZHNcLzIwMjZcLzAxXC8wMi53ZWJwIiwic2xpZGVzaG93IjoiMjMyNWU5OCJ9\">\n\t\t\t\t\t<div class=\"e-gallery-image elementor-gallery-item__image\" data-thumbnail=\"https:\/\/arnavutkoyexpo.tr\/wp-content\/uploads\/2026\/01\/02-300x300.webp\" data-width=\"300\" data-height=\"300\" aria-label=\"\" role=\"img\" ><\/div>\n\t\t\t\t\t\t\t\t\t\t\t\t\t\t<\/a>\n\t\t\t\t\t\t\t<a class=\"e-gallery-item elementor-gallery-item elementor-animated-content\" href=\"https:\/\/arnavutkoyexpo.tr\/wp-content\/uploads\/2026\/01\/03.webp\" data-elementor-open-lightbox=\"yes\" data-elementor-lightbox-slideshow=\"2325e98\" data-e-action-hash=\"#elementor-action%3Aaction%3Dlightbox%26settings%3DeyJpZCI6NTE0LCJ1cmwiOiJodHRwczpcL1wvYXJuYXZ1dGtveWV4cG8udHJcL3dwLWNvbnRlbnRcL3VwbG9hZHNcLzIwMjZcLzAxXC8wMy53ZWJwIiwic2xpZGVzaG93IjoiMjMyNWU5OCJ9\">\n\t\t\t\t\t<div class=\"e-gallery-image elementor-gallery-item__image\" data-thumbnail=\"https:\/\/arnavutkoyexpo.tr\/wp-content\/uploads\/2026\/01\/03-300x300.webp\" data-width=\"300\" data-height=\"300\" aria-label=\"\" role=\"img\" ><\/div>\n\t\t\t\t\t\t\t\t\t\t\t\t\t\t<\/a>\n\t\t\t\t\t\t\t<a class=\"e-gallery-item elementor-gallery-item elementor-animated-content\" href=\"https:\/\/arnavutkoyexpo.tr\/wp-content\/uploads\/2026\/01\/04.webp\" data-elementor-open-lightbox=\"yes\" data-elementor-lightbox-slideshow=\"2325e98\" data-e-action-hash=\"#elementor-action%3Aaction%3Dlightbox%26settings%3DeyJpZCI6NTE1LCJ1cmwiOiJodHRwczpcL1wvYXJuYXZ1dGtveWV4cG8udHJcL3dwLWNvbnRlbnRcL3VwbG9hZHNcLzIwMjZcLzAxXC8wNC53ZWJwIiwic2xpZGVzaG93IjoiMjMyNWU5OCJ9\">\n\t\t\t\t\t<div class=\"e-gallery-image elementor-gallery-item__image\" data-thumbnail=\"https:\/\/arnavutkoyexpo.tr\/wp-content\/uploads\/2026\/01\/04-300x300.webp\" data-width=\"300\" data-height=\"300\" aria-label=\"\" role=\"img\" ><\/div>\n\t\t\t\t\t\t\t\t\t\t\t\t\t\t<\/a>\n\t\t\t\t\t\t\t<a class=\"e-gallery-item elementor-gallery-item elementor-animated-content\" href=\"https:\/\/arnavutkoyexpo.tr\/wp-content\/uploads\/2026\/01\/05.webp\" data-elementor-open-lightbox=\"yes\" data-elementor-lightbox-slideshow=\"2325e98\" data-e-action-hash=\"#elementor-action%3Aaction%3Dlightbox%26settings%3DeyJpZCI6NTE2LCJ1cmwiOiJodHRwczpcL1wvYXJuYXZ1dGtveWV4cG8udHJcL3dwLWNvbnRlbnRcL3VwbG9hZHNcLzIwMjZcLzAxXC8wNS53ZWJwIiwic2xpZGVzaG93IjoiMjMyNWU5OCJ9\">\n\t\t\t\t\t<div class=\"e-gallery-image elementor-gallery-item__image\" data-thumbnail=\"https:\/\/arnavutkoyexpo.tr\/wp-content\/uploads\/2026\/01\/05-300x300.webp\" data-width=\"300\" data-height=\"300\" aria-label=\"\" role=\"img\" ><\/div>\n\t\t\t\t\t\t\t\t\t\t\t\t\t\t<\/a>\n\t\t\t\t\t<\/div>\n\t\t\t\t\t<\/div>\n\t\t\t\t<\/div>\n\t\t\t\t<\/div>\n\t\t\t\t<\/div>\n\t\t\t\t\t<\/div>\n\t\t\t\t<\/div>\n\t\t\t\t<\/div>","protected":false},"excerpt":{"rendered":"<p>ARNAVUTK\u00d6Y EXPOTicaretin K\u00fcresel \u00dcss\u00fcne Ho\u015f Geldiniz D\u00fcnya ticaretinin rotas\u0131 yeniden \u00e7iziliyor ve bu yeni rotan\u0131n kalbi \u0130stanbul Arnavutk\u00f6y\u2019de at\u0131yor. Arnavutk\u00f6y EXPO, Asya ile Avrupa\u2019n\u0131n kesi\u015fim noktas\u0131nda, d\u00fcnyan\u0131n en b\u00fcy\u00fck havaliman\u0131 ve modern lojistik a\u011flar\u0131n\u0131n merkezinde y\u00fckselen k\u00fcresel bir ticaret platformudur. Amac\u0131m\u0131z sadece bir fuar organizasyonu d\u00fczenlemek de\u011fil; yerli \u00fcreticiyi uluslararas\u0131 al\u0131c\u0131yla, sanayiciyi yat\u0131r\u0131mc\u0131yla, giri\u015fimi teknolojiyle [&hellip;]<\/p>","protected":false},"author":1,"featured_media":0,"parent":0,"menu_order":0,"comment_status":"closed","ping_status":"closed","template":"","meta":{"footnotes":""},"class_list":["post-83","page","type-page","status-publish","hentry"],"_links":{"self":[{"href":"https:\/\/arnavutkoyexpo.tr\/ar\/wp-json\/wp\/v2\/pages\/83","targetHints":{"allow":["GET"]}}],"collection":[{"href":"https:\/\/arnavutkoyexpo.tr\/ar\/wp-json\/wp\/v2\/pages"}],"about":[{"href":"https:\/\/arnavutkoyexpo.tr\/ar\/wp-json\/wp\/v2\/types\/page"}],"author":[{"embeddable":true,"href":"https:\/\/arnavutkoyexpo.tr\/ar\/wp-json\/wp\/v2\/users\/1"}],"replies":[{"embeddable":true,"href":"https:\/\/arnavutkoyexpo.tr\/ar\/wp-json\/wp\/v2\/comments?post=83"}],"version-history":[{"count":151,"href":"https:\/\/arnavutkoyexpo.tr\/ar\/wp-json\/wp\/v2\/pages\/83\/revisions"}],"predecessor-version":[{"id":751,"href":"https:\/\/arnavutkoyexpo.tr\/ar\/wp-json\/wp\/v2\/pages\/83\/revisions\/751"}],"wp:attachment":[{"href":"https:\/\/arnavutkoyexpo.tr\/ar\/wp-json\/wp\/v2\/media?parent=83"}],"curies":[{"name":"wp","href":"https:\/\/api.w.org\/{rel}","templated":true}]}}